{"id":8,"date":"2018-10-10T10:20:12","date_gmt":"2018-10-10T10:20:12","guid":{"rendered":"https:\/\/foro2019.observalocal.com\/?page_id=8"},"modified":"2023-10-02T08:55:20","modified_gmt":"2023-10-02T08:55:20","slug":"inicio","status":"publish","type":"page","link":"https:\/\/foro2023.observalocal.com\/","title":{"rendered":"Bienvenida"},"content":{"rendered":"<p>Bienvenido al sitio Web del <strong>X Foro de Empleo y Desarrollo Local<\/strong>, un evento organizado por la Universidad de Murcia,\u00a0 la Universidad Polit\u00e9cnica de Cartagena, junto con la C\u00e1tedra de Agenda Urbana y Planificaci\u00f3n Estrat\u00e9gica Local, el Observatorio de Desarrollo Rural, Local y Empleo y la Asociaci\u00f3n de Agentes de Empleo y Desarrollo Local de la Regi\u00f3n de Murcia para crear un punto de\u00a0 encuentro y debate entre estudiantes, profesores y t\u00e9cnicos de empleo y desarrollo local que trabajan o tienen inter\u00e9s en la promoci\u00f3n econ\u00f3mica y la creaci\u00f3n de empleo.<\/p>\n","protected":false},"excerpt":{"rendered":"<p>Bienvenido al sitio Web del X Foro de Empleo y Desarrollo Local, un evento organizado por la Universidad de Murcia,\u00a0 la Universidad Polit\u00e9cnica de Cartagena, junto con la C\u00e1tedra de Agenda Urbana y Planificaci\u00f3n Estrat\u00e9gica Local, el Observatorio de Desarrollo Rural, Local y Empleo y la Asociaci\u00f3n de Agentes de Empleo y Desarrollo Local de &hellip; <\/p>\n<p class=\"link-more\"><a href=\"https:\/\/foro2023.observalocal.com\/\" class=\"more-link\">Continuar leyendo<span class=\"screen-reader-text\"> \u00abBienvenida\u00bb<\/span><\/a><\/p>\n","protected":false},"author":1,"featured_media":657,"parent":0,"menu_order":0,"comment_status":"closed","ping_status":"closed","template":"","meta":{"_exactmetrics_skip_tracking":false,"_exactmetrics_sitenote_active":false,"_exactmetrics_sitenote_note":"","_exactmetrics_sitenote_category":0,"footnotes":""},"class_list":["post-8","page","type-page","status-publish","has-post-thumbnail","hentry"],"_links":{"self":[{"href":"https:\/\/foro2023.observalocal.com\/index.php?rest_route=\/wp\/v2\/pages\/8","targetHints":{"allow":["GET"]}}],"collection":[{"href":"https:\/\/foro2023.observalocal.com\/index.php?rest_route=\/wp\/v2\/pages"}],"about":[{"href":"https:\/\/foro2023.observalocal.com\/index.php?rest_route=\/wp\/v2\/types\/page"}],"author":[{"embeddable":true,"href":"https:\/\/foro2023.observalocal.com\/index.php?rest_route=\/wp\/v2\/users\/1"}],"replies":[{"embeddable":true,"href":"https:\/\/foro2023.observalocal.com\/index.php?rest_route=%2Fwp%2Fv2%2Fcomments&post=8"}],"version-history":[{"count":9,"href":"https:\/\/foro2023.observalocal.com\/index.php?rest_route=\/wp\/v2\/pages\/8\/revisions"}],"predecessor-version":[{"id":640,"href":"https:\/\/foro2023.observalocal.com\/index.php?rest_route=\/wp\/v2\/pages\/8\/revisions\/640"}],"wp:featuredmedia":[{"embeddable":true,"href":"https:\/\/foro2023.observalocal.com\/index.php?rest_route=\/wp\/v2\/media\/657"}],"wp:attachment":[{"href":"https:\/\/foro2023.observalocal.com\/index.php?rest_route=%2Fwp%2Fv2%2Fmedia&parent=8"}],"curies":[{"name":"wp","href":"https:\/\/api.w.org\/{rel}","templated":true}]}}