{"id":423,"date":"2019-10-28T11:17:54","date_gmt":"2019-10-28T11:17:54","guid":{"rendered":"https:\/\/foro2019.observalocal.com\/?page_id=423"},"modified":"2023-10-20T12:17:34","modified_gmt":"2023-10-20T12:17:34","slug":"programa","status":"publish","type":"page","link":"https:\/\/foro2023.observalocal.com\/?page_id=423","title":{"rendered":"Programa provisional"},"content":{"rendered":"\n<p class=\"has-text-align-center\"><strong>X FORO EMPLEO Y DESARROLLO LOCAL (PROGRAMA PROVISIONAL)<\/strong><\/p>\n\n\n\n<p class=\"has-text-align-center\">26 de octubre de 2023 \u2013 Fac. CC. Trabajo. Universidad de Murcia<\/p>\n\n\n\n<h2 class=\"wp-block-heading\"><strong>MA\u00d1ANA<\/strong><\/h2>\n\n\n\n<p>PLANTA CERO<\/p>\n\n\n\n<p><strong>9:00 Visita a los Expositores.<\/strong><\/p>\n\n\n\n<p><strong>9:30- 13:30. Feria de empleo.<\/strong><\/p>\n\n\n\n<p>Entidades y empresas mostrar\u00e1n sus actuaciones en materia de emprendimiento y empleo.<\/p>\n\n\n\n<p><strong>9:00 Inauguraci\u00f3n.<\/strong><\/p>\n\n\n\n<ul class=\"wp-block-list\">\n<li>Jos\u00e9 Luj\u00e1n Alcaraz. Rector de la Universidad de Murcia.<\/li>\n\n\n\n<li>Marisa L\u00f3pez Arag\u00f3n. Directora General del SEFARM.<\/li>\n\n\n\n<li>Prudencio J. Riquelme Perea. Decano de la Facultad de Ciencias del Trabajo.<\/li>\n<\/ul>\n\n\n\n<p>SAL\u00d3N DE ACTOS<\/p>\n\n\n\n<p><strong>10:00 Conferencia<\/strong><\/p>\n\n\n\n<p>Evaluaci\u00f3n de la Capacidad Territorial para el Desarrollo: Poblaci\u00f3n y Empleo. Ricard Calvo Palomares. Universidad de Valencia<\/p>\n\n\n\n<p><strong>11:00 Conferencia<\/strong><\/p>\n\n\n\n<p>El enfoque LEADER, una metodolog\u00eda para el desarrollo rural. <strong>Mar\u00eda del Carmen Solano Baez. Investigadora de la C\u00e1tedra de Agenda Urbana y Desarrollo Estrat\u00e9gico Local.<\/strong><\/p>\n\n\n\n<p><strong>12:00 Conferencia<\/strong><\/p>\n\n\n\n<p>La nueva estrategia de Desarrollo local Participativo de la ADRI de la Vega del Segura. <strong>Jos\u00e9 Luis Tornero Carpena. Gerente del ADRI Municipios de la Vega del Segura<\/strong>.<\/p>\n\n\n\n<p><strong>13:00 Entrega de premios Desarrollo Local <\/strong><\/p>\n\n\n\n<p>Alicia Rubio Ba\u00f1\u00f3n. Vicerrectora de Empleo, Emprendimiento y Sociedad<\/p>\n\n\n\n<p>Joaqu\u00edn G\u00f3mez G\u00f3mez. Director General del INFO<\/p>\n\n\n\n<p>Catalina Nicol\u00e1s Mart\u00ednez. Vicedecana de Estudiantes, Alumni y Empleabilidad<\/p>\n\n\n\n<p><strong><br> <\/strong>\u2013 Mejor Agente de Empleo y Desarrollo Local<\/p>\n\n\n\n<p>\u2013 Mejor Proyecto de Empleo<\/p>\n\n\n\n<p>\u2013 Mejor Proyecto de Desarrollo Local<\/p>\n\n\n\n<p>\u2013 Mejor Instituci\u00f3n.<\/p>\n\n\n\n<h2 class=\"wp-block-heading\"><strong>TARDE<\/strong><\/h2>\n\n\n\n<p>SAL\u00d3N DE ACTOS<\/p>\n\n\n\n<p><strong>16:30  Conferencia<\/strong><\/p>\n\n\n\n<p>Proyectos de mejoras del emprendimiento de la Fundaci\u00f3n Laboral de la construcci\u00f3n. <strong>Valent\u00edn Carozo Mart\u00edn. Responsable territorial de formaci\u00f3n y empleo<\/strong>.<\/p>\n\n\n\n<p><strong>17:15&nbsp;Conferencia<\/strong><\/p>\n\n\n\n<p>La empleabilidad en la Formaci\u00f3n Profesional: Aulas de emprendimiento. <strong>Pedro Parra Ib\u00e1\u00f1ez. Instituto Ram\u00f3n y Cajal.<\/strong><\/p>\n\n\n\n<p><strong>18:00 Mesa de emprendendores de UMUEmprende<\/strong><\/p>\n\n\n\n<p>Presentada por Carmen Garrido Ferrer. Asesora de Proyectos de UMUEmprende<br>\u2013 Constantino Abenza. Dogma<br>\u2013 Esther Pina. Secret Sound<br>\u2013 Ana Reche. Centro Alodys<br>\u2013 Francisco Huertas. Marbyt Smart Solutions<\/p>\n","protected":false},"excerpt":{"rendered":"<p>X FORO EMPLEO Y DESARROLLO LOCAL (PROGRAMA PROVISIONAL) 26 de octubre de 2023 \u2013 Fac. CC. Trabajo. Universidad de Murcia MA\u00d1ANA PLANTA CERO 9:00 Visita a los Expositores. 9:30- 13:30. Feria de empleo. Entidades y empresas mostrar\u00e1n sus actuaciones en materia de emprendimiento y empleo. 9:00 Inauguraci\u00f3n. SAL\u00d3N DE ACTOS 10:00 Conferencia Evaluaci\u00f3n de la &hellip; <\/p>\n<p class=\"link-more\"><a href=\"https:\/\/foro2023.observalocal.com\/?page_id=423\" class=\"more-link\">Continuar leyendo<span class=\"screen-reader-text\"> \u00abPrograma provisional\u00bb<\/span><\/a><\/p>\n","protected":false},"author":1,"featured_media":0,"parent":0,"menu_order":0,"comment_status":"closed","ping_status":"closed","template":"","meta":{"_exactmetrics_skip_tracking":false,"_exactmetrics_sitenote_active":false,"_exactmetrics_sitenote_note":"","_exactmetrics_sitenote_category":0,"footnotes":""},"class_list":["post-423","page","type-page","status-publish","hentry"],"_links":{"self":[{"href":"https:\/\/foro2023.observalocal.com\/index.php?rest_route=\/wp\/v2\/pages\/423","targetHints":{"allow":["GET"]}}],"collection":[{"href":"https:\/\/foro2023.observalocal.com\/index.php?rest_route=\/wp\/v2\/pages"}],"about":[{"href":"https:\/\/foro2023.observalocal.com\/index.php?rest_route=\/wp\/v2\/types\/page"}],"author":[{"embeddable":true,"href":"https:\/\/foro2023.observalocal.com\/index.php?rest_route=\/wp\/v2\/users\/1"}],"replies":[{"embeddable":true,"href":"https:\/\/foro2023.observalocal.com\/index.php?rest_route=%2Fwp%2Fv2%2Fcomments&post=423"}],"version-history":[{"count":14,"href":"https:\/\/foro2023.observalocal.com\/index.php?rest_route=\/wp\/v2\/pages\/423\/revisions"}],"predecessor-version":[{"id":682,"href":"https:\/\/foro2023.observalocal.com\/index.php?rest_route=\/wp\/v2\/pages\/423\/revisions\/682"}],"wp:attachment":[{"href":"https:\/\/foro2023.observalocal.com\/index.php?rest_route=%2Fwp%2Fv2%2Fmedia&parent=423"}],"curies":[{"name":"wp","href":"https:\/\/api.w.org\/{rel}","templated":true}]}}